{"id":1328,"date":"2024-03-12T12:23:01","date_gmt":"2024-03-12T12:23:01","guid":{"rendered":"https:\/\/iptvtrix.com\/?page_id=1328"},"modified":"2024-03-12T12:25:58","modified_gmt":"2024-03-12T12:25:58","slug":"politica-privacidad","status":"publish","type":"page","link":"https:\/\/iptvtrix.com\/en\/politica-privacidad\/","title":{"rendered":"Privacy Policy"},"content":{"rendered":"<h3 class=\"privacy-policy-h1\"><span style=\"color: #ff6600;\">Pol\u00edtica de Privacidad<\/span><\/h3>\n<p>\u00daltima actualizaci\u00f3n: 05-May-2023<\/p>\n<p>Fecha de entrada en vigencia: 05-May-2023<\/p>\n<p>Esta Pol\u00edtica de Privacidad describe las pol\u00edticas de TiviTrix, Carrer de Pedret, Girona 17007, Espa\u00f1a, correo electr\u00f3nico: iptrix@support.com, tel\u00e9fono:  34 632 08 80 57, sobre la recopilaci\u00f3n, uso y divulgaci\u00f3n de su informaci\u00f3n que recopilamos cuando utiliza nuestro sitio web (https:\/\/tivitrix.es<\/p>\n<p>) (el \u201cServicio\u201d). Al acceder o utilizar el Servicio, usted acepta la recopilaci\u00f3n, uso y divulgaci\u00f3n de su informaci\u00f3n de acuerdo con esta Pol\u00edtica de Privacidad. Si no est\u00e1 de acuerdo, no acceda ni utilice el Servicio.<\/p>\n<p>Podemos modificar esta Pol\u00edtica de Privacidad en cualquier momento sin previo aviso y publicaremos la Pol\u00edtica de Privacidad revisada en el Servicio. La Pol\u00edtica revisada ser\u00e1 efectiva 180 d\u00edas despu\u00e9s de que se publique en el Servicio y su acceso o uso continuado del Servicio despu\u00e9s de ese momento constituir\u00e1 su aceptaci\u00f3n de la Pol\u00edtica de Privacidad revisada. Por lo tanto, recomendamos que revise esta p\u00e1gina peri\u00f3dicamente.<\/p>\n<ol class=\"privacy-policy-ol\">\n<li>\n<h4 class=\"privacy-policy-h2\"><span style=\"color: #ff6600;\">Informaci\u00f3n que Recopilamos:<\/span><\/h4>\n<p>Recopilaremos y procesaremos la siguiente informaci\u00f3n personal sobre usted:<\/p>\n<ol class=\"privacy-policy-ol\">\n<li>iptrix@support.com<\/li>\n<li> 34 632 08 80 57<\/li>\n<\/ol>\n<\/li>\n<li>\n<h4 class=\"privacy-policy-h2\"><span style=\"color: #ff6600;\">C\u00f3mo Utilizamos su Informaci\u00f3n:<\/span><\/h4>\n<div class=\"group w-full text-gray-800 dark:text-gray-100 border-b border-black\/10 dark:border-gray-900\/50 bg-gray-50 dark:bg-[#444654]\">\n<div class=\"flex p-4 gap-4 text-base md:gap-6 md:max-w-2xl lg:max-w-xl xl:max-w-3xl md:py-6 lg:px-0 m-auto\">\n<div class=\"relative flex flex-col w-[calc(100%-50px)] gap-1 md:gap-3 lg:w-[calc(100%-115px)]\">\n<div class=\"flex flex-grow flex-col gap-3\">\n<div class=\"min-h-[20px] flex flex-col items-start gap-4 whitespace-pre-wrap break-words\">\n<div class=\"markdown prose w-full break-words dark:prose-invert light\">\n<p>Utilizaremos la informaci\u00f3n que recopilamos sobre usted para los siguientes fines:<\/p>\n<\/div>\n<\/div>\n<\/div>\n<\/div>\n<\/div>\n<\/div>\n<ol class=\"privacy-policy-ol\">\n<li>Testimonios<\/li>\n<li>Recopilaci\u00f3n de comentarios de los clientes<\/li>\n<li>Gesti\u00f3n de pedidos de los clientes<\/li>\n<\/ol>\n<p class=\"privacy-policy-p\">Si deseamos utilizar su informaci\u00f3n para cualquier otro prop\u00f3sito, le pediremos su consentimiento y solo utilizaremos su informaci\u00f3n despu\u00e9s de recibir su consentimiento y, luego, solo para el(s) prop\u00f3sito(s) para el que otorg\u00f3 su consentimiento, a menos que se nos exija hacer lo contrario por ley.<\/p>\n<\/li>\n<li>\n<h4 class=\"privacy-policy-h2\"><span style=\"color: #ff6600;\">C\u00f3mo Compartimos su Informaci\u00f3n:<\/span><\/h4>\n<p class=\"privacy-policy-p\">No transferiremos su informaci\u00f3n personal a ning\u00fan tercero sin buscar su consentimiento, excepto en circunstancias limitadas como se describe a continuaci\u00f3n:<\/p>\n<ol class=\"privacy-policy-ol\">\n<li>Servicio de publicidad<\/li>\n<li>Patrocinadores<\/li>\n<\/ol>\n<p class=\"privacy-policy-p\">Exigimos que dichos terceros utilicen la informaci\u00f3n personal que les transferimos solo para el prop\u00f3sito para el cual se transfiri\u00f3 y no la conserven durante m\u00e1s tiempo del necesario para cumplir dicho prop\u00f3sito.<\/p>\n<p class=\"privacy-policy-p\">Tambi\u00e9n podemos revelar su informaci\u00f3n personal para lo siguiente: (1) para cumplir con la ley aplicable, regulaci\u00f3n, orden judicial u otro proceso legal; (2) para hacer cumplir sus acuerdos con nosotros, incluida esta Pol\u00edtica de Privacidad; o (3) para responder a reclamos de que su uso del Servicio viola los derechos de terceros. Si el Servicio o nuestra empresa se fusiona o es adquirida por otra empresa, su informaci\u00f3n ser\u00e1 uno de los activos que se transfieren al nuevo propietario.<\/p>\n<\/li>\n<li>\n<h4 class=\"privacy-policy-h2\"><span style=\"color: #ff6600;\">Retenci\u00f3n de su informaci\u00f3n:<\/span><\/h4>\n<p class=\"privacy-policy-p\">Mantendremos su informaci\u00f3n personal con nosotros durante 7 d\u00edas o durante el tiempo que necesitemos para cumplir con los fines para los que fue recopilada seg\u00fan lo detallado en esta Pol\u00edtica de privacidad. Es posible que debamos retener cierta informaci\u00f3n durante per\u00edodos m\u00e1s largos, como la conservaci\u00f3n de registros \/ informes de acuerdo con la ley aplicable u otras razones leg\u00edtimas, como la aplicaci\u00f3n de derechos legales, prevenci\u00f3n de fraude, etc. La informaci\u00f3n an\u00f3nima residual e informaci\u00f3n agregada, que no lo identifica (directa o indirectamente), puede almacenarse indefinidamente.<\/p>\n<\/li>\n<li>\n<h4 class=\"privacy-policy-h2\"><span style=\"color: #ff6600;\">Tus derechos:<\/span><\/h4>\n<p class=\"privacy-policy-p\">Dependiendo de la ley aplicable, es posible que tenga derecho a acceder, rectificar o eliminar sus datos personales o recibir una copia de sus datos personales, restringir u oponerse al procesamiento activo de sus datos, pedirnos que compartamos (portabilidad) su informaci\u00f3n personal con otra entidad, retirar cualquier consentimiento que nos haya proporcionado para procesar sus datos, el derecho a presentar una queja ante una autoridad estatal y otros derechos que puedan ser relevantes en virtud de las leyes aplicables. Para ejercer estos derechos, puede escribirnos a iptrix@support.com. Responderemos a su solicitud de conformidad con la ley aplicable.<\/p>\n<p class=\"privacy-policy-p\">Puede optar por no recibir comunicaciones de marketing directo o el perfilado que llevamos a cabo para fines de marketing escribi\u00e9ndonos a iptrix@support.com.<\/p>\n<p class=\"privacy-policy-p\">Tenga en cuenta que si no nos permite recopilar o procesar la informaci\u00f3n personal requerida o retira el consentimiento para procesarla para los fines requeridos, es posible que no pueda acceder o utilizar los servicios para los cuales se busc\u00f3 su informaci\u00f3n.<\/p>\n<\/li>\n<li>\n<h4 class=\"privacy-policy-h2\"><span style=\"color: #ff6600;\">Cookies, etc.<\/span><\/h4>\n<p>Para obtener m\u00e1s informaci\u00f3n sobre c\u00f3mo utilizamos estas tecnolog\u00edas de seguimiento y sus opciones con respecto a estas tecnolog\u00edas de seguimiento, consulte nuestra\u00a0<span style=\"color: #ff6600;\"><a class=\"_ps2id __mPS2id\" style=\"color: #ff6600;\" href=\"https:\/\/iptrixtv.com\/\" data-ps2id-offset=\"\" target=\"_blank\" rel=\"noopener\">Cookie Policy<\/a>.<\/span><\/p>\n<\/li>\n<li>\n<h4 class=\"privacy-policy-h2\"><span style=\"color: #ff6600;\">Seguridad:<\/span><\/h4>\n<p class=\"privacy-policy-p\">La seguridad de su informaci\u00f3n es importante para nosotros y utilizaremos medidas de seguridad razonables para evitar la p\u00e9rdida, el mal uso o la alteraci\u00f3n no autorizada de su informaci\u00f3n bajo nuestro control. Sin embargo, dadas las inherentes riesgos, no podemos garantizar una seguridad absoluta y, en consecuencia, no podemos garantizar o garantizar la seguridad de ninguna informaci\u00f3n que nos transmita, y lo hace bajo su propio riesgo.<\/p>\n<\/li>\n<li>\n<h4 class=\"privacy-policy-h2\"><span style=\"color: #ff6600;\">Quejas \/ Oficial de Protecci\u00f3n de Datos:<\/span><\/h4>\n<p class=\"privacy-policy-p\">Si tiene alguna consulta o inquietud sobre el procesamiento de su informaci\u00f3n que est\u00e1 disponible con nosotros, puede enviar un correo electr\u00f3nico a nuestro Oficial de Quejas en TiviTrix, Carrer de Pedret, correo electr\u00f3nico: iptrix@support.com. Abordaremos sus inquietudes de conformidad con la ley aplicable.<\/p>\n<\/li>\n<\/ol>","protected":false},"excerpt":{"rendered":"<p>Pol\u00edtica de Privacidad \u00daltima actualizaci\u00f3n: 05-May-2023 Fecha de entrada en vigencia: 05-May-2023 Esta Pol\u00edtica de Privacidad describe las pol\u00edticas de TiviTrix, Carrer de Pedret, Girona 17007, Espa\u00f1a, correo electr\u00f3nico: iptrix@support.com, tel\u00e9fono: 34 632 08 80 57, sobre la recopilaci\u00f3n, uso y divulgaci\u00f3n de su informaci\u00f3n que recopilamos cuando utiliza nuestro sitio web (https:\/\/tivitrix.es ) (el \u201cServicio\u201d). Al acceder o utilizar el Servicio, usted acepta la recopilaci\u00f3n, uso y divulgaci\u00f3n de su informaci\u00f3n de acuerdo con esta Pol\u00edtica de Privacidad. Si no est\u00e1 de acuerdo, no acceda ni utilice el Servicio. Podemos modificar esta Pol\u00edtica de Privacidad en cualquier momento sin previo aviso y publicaremos la Pol\u00edtica de Privacidad revisada en el Servicio. La Pol\u00edtica revisada ser\u00e1 efectiva 180 d\u00edas despu\u00e9s de que se publique en el Servicio y su acceso o uso continuado del Servicio despu\u00e9s de ese momento constituir\u00e1 su aceptaci\u00f3n de la Pol\u00edtica de Privacidad revisada. Por lo tanto, recomendamos que revise esta p\u00e1gina peri\u00f3dicamente. Informaci\u00f3n que Recopilamos: Recopilaremos y procesaremos la siguiente informaci\u00f3n personal sobre usted: iptrix@support.com 34 632 08 80 57 C\u00f3mo Utilizamos su Informaci\u00f3n: Utilizaremos la informaci\u00f3n que recopilamos sobre usted para los siguientes fines: Testimonios Recopilaci\u00f3n de comentarios de los clientes Gesti\u00f3n de pedidos de los clientes Si deseamos utilizar su informaci\u00f3n para cualquier otro prop\u00f3sito, le pediremos su consentimiento y solo utilizaremos su informaci\u00f3n despu\u00e9s de recibir su consentimiento y, luego, solo para el(s) prop\u00f3sito(s) para el que otorg\u00f3 su consentimiento, a menos que se nos exija hacer lo contrario por ley. C\u00f3mo Compartimos su Informaci\u00f3n: No transferiremos su informaci\u00f3n personal a ning\u00fan tercero sin buscar su consentimiento, excepto en circunstancias limitadas como se describe a continuaci\u00f3n: Servicio de publicidad Patrocinadores Exigimos que dichos terceros utilicen la informaci\u00f3n personal que les transferimos solo para el prop\u00f3sito para el cual se transfiri\u00f3 y no la conserven durante m\u00e1s tiempo del necesario para cumplir dicho prop\u00f3sito. Tambi\u00e9n podemos revelar su informaci\u00f3n personal para lo siguiente: (1) para cumplir con la ley aplicable, regulaci\u00f3n, orden judicial u otro proceso legal; (2) para hacer cumplir sus acuerdos con nosotros, incluida esta Pol\u00edtica de Privacidad; o (3) para responder a reclamos de que su uso del Servicio viola los derechos de terceros. Si el Servicio o nuestra empresa se fusiona o es adquirida por otra empresa, su informaci\u00f3n ser\u00e1 uno de los activos que se transfieren al nuevo propietario. Retenci\u00f3n de su informaci\u00f3n: Mantendremos su informaci\u00f3n personal con nosotros durante 7 d\u00edas o durante el tiempo que necesitemos para cumplir con los fines para los que fue recopilada seg\u00fan lo detallado en esta Pol\u00edtica de privacidad. Es posible que debamos retener cierta informaci\u00f3n durante per\u00edodos m\u00e1s largos, como la conservaci\u00f3n de registros \/ informes de acuerdo con la ley aplicable u otras razones leg\u00edtimas, como la aplicaci\u00f3n de derechos legales, prevenci\u00f3n de fraude, etc. La informaci\u00f3n an\u00f3nima residual e informaci\u00f3n agregada, que no lo identifica (directa o indirectamente), puede almacenarse indefinidamente. Tus derechos: Dependiendo de la ley aplicable, es posible que tenga derecho a acceder, rectificar o eliminar sus datos personales o recibir una copia de sus datos personales, restringir u oponerse al procesamiento activo de sus datos, pedirnos que compartamos (portabilidad) su informaci\u00f3n personal con otra entidad, retirar cualquier consentimiento que nos haya proporcionado para procesar sus datos, el derecho a presentar una queja ante una autoridad estatal y otros derechos que puedan ser relevantes en virtud de las leyes aplicables. Para ejercer estos derechos, puede escribirnos a iptrix@support.com. Responderemos a su solicitud de conformidad con la ley aplicable. Puede optar por no recibir comunicaciones de marketing directo o el perfilado que llevamos a cabo para fines de marketing escribi\u00e9ndonos a iptrix@support.com. Tenga en cuenta que si no nos permite recopilar o procesar la informaci\u00f3n personal requerida o retira el consentimiento para procesarla para los fines requeridos, es posible que no pueda acceder o utilizar los servicios para los cuales se busc\u00f3 su informaci\u00f3n. Cookies, etc. Para obtener m\u00e1s informaci\u00f3n sobre c\u00f3mo utilizamos estas tecnolog\u00edas de seguimiento y sus opciones con respecto a estas tecnolog\u00edas de seguimiento, consulte nuestra\u00a0Pol\u00edtica de cookies. Seguridad: La seguridad de su informaci\u00f3n es importante para nosotros y utilizaremos medidas de seguridad razonables para evitar la p\u00e9rdida, el mal uso o la alteraci\u00f3n no autorizada de su informaci\u00f3n bajo nuestro control. Sin embargo, dadas las inherentes riesgos, no podemos garantizar una seguridad absoluta y, en consecuencia, no podemos garantizar o garantizar la seguridad de ninguna informaci\u00f3n que nos transmita, y lo hace bajo su propio riesgo. Quejas \/ Oficial de Protecci\u00f3n de Datos: Si tiene alguna consulta o inquietud sobre el procesamiento de su informaci\u00f3n que est\u00e1 disponible con nosotros, puede enviar un correo electr\u00f3nico a nuestro Oficial de Quejas en TiviTrix, Carrer de Pedret, correo electr\u00f3nico: iptrix@support.com. Abordaremos sus inquietudes de conformidad con la ley aplicable.<\/p>","protected":false},"author":1,"featured_media":0,"parent":0,"menu_order":0,"comment_status":"closed","ping_status":"closed","template":"","meta":{"footnotes":""},"class_list":["post-1328","page","type-page","status-publish","hentry"],"_links":{"self":[{"href":"https:\/\/iptvtrix.com\/en\/wp-json\/wp\/v2\/pages\/1328","targetHints":{"allow":["GET"]}}],"collection":[{"href":"https:\/\/iptvtrix.com\/en\/wp-json\/wp\/v2\/pages"}],"about":[{"href":"https:\/\/iptvtrix.com\/en\/wp-json\/wp\/v2\/types\/page"}],"author":[{"embeddable":true,"href":"https:\/\/iptvtrix.com\/en\/wp-json\/wp\/v2\/users\/1"}],"replies":[{"embeddable":true,"href":"https:\/\/iptvtrix.com\/en\/wp-json\/wp\/v2\/comments?post=1328"}],"version-history":[{"count":0,"href":"https:\/\/iptvtrix.com\/en\/wp-json\/wp\/v2\/pages\/1328\/revisions"}],"wp:attachment":[{"href":"https:\/\/iptvtrix.com\/en\/wp-json\/wp\/v2\/media?parent=1328"}],"curies":[{"name":"wp","href":"https:\/\/api.w.org\/{rel}","templated":true}]}}